{"id":685,"date":"2025-02-19T08:21:15","date_gmt":"2025-02-19T07:21:15","guid":{"rendered":"https:\/\/equusemporda.com\/quienes-somos\/"},"modified":"2025-05-30T08:28:36","modified_gmt":"2025-05-30T06:28:36","slug":"quienes-somos","status":"publish","type":"page","link":"https:\/\/equusemporda.com\/es\/quienes-somos\/","title":{"rendered":"Qui\u00e9nes Somos"},"content":{"rendered":"\t\t<div data-elementor-type=\"wp-page\" data-elementor-id=\"685\" class=\"elementor elementor-685 elementor-24\" data-elementor-post-type=\"page\">\n\t\t\t\t<div class=\"elementor-element elementor-element-90c83b9 e-con-full e-flex e-con e-parent\" data-id=\"90c83b9\" data-element_type=\"container\" data-e-type=\"container\" data-settings=\"{&quot;background_background&quot;:&quot;classic&quot;}\">\n\t\t\t\t<div class=\"elementor-element elementor-element-1fb29df elementor-invisible elementor-widget elementor-widget-heading\" data-id=\"1fb29df\" data-element_type=\"widget\" data-e-type=\"widget\" data-settings=\"{&quot;_animation&quot;:&quot;fadeInUp&quot;,&quot;_animation_delay&quot;:600}\" data-widget_type=\"heading.default\">\n\t\t\t\t<div class=\"elementor-widget-container\">\n\t\t\t\t\t<h1 class=\"elementor-heading-title elementor-size-default\">Qui\u00e9nes Somos<\/h1>\t\t\t\t<\/div>\n\t\t\t\t<\/div>\n\t\t\t\t<\/div>\n\t\t<div class=\"elementor-element elementor-element-631e799 e-con-full e-flex e-con e-parent\" data-id=\"631e799\" data-element_type=\"container\" data-e-type=\"container\" data-settings=\"{&quot;background_background&quot;:&quot;classic&quot;}\">\n\t\t<div class=\"elementor-element elementor-element-a68b853 e-flex e-con-boxed e-con e-child\" data-id=\"a68b853\" data-element_type=\"container\" data-e-type=\"container\">\n\t\t\t\t\t<div class=\"e-con-inner\">\n\t\t\t\t\t<\/div>\n\t\t\t\t<\/div>\n\t\t<div class=\"elementor-element elementor-element-d375736 e-flex e-con-boxed e-con e-child\" data-id=\"d375736\" data-element_type=\"container\" data-e-type=\"container\">\n\t\t\t\t\t<div class=\"e-con-inner\">\n\t\t\t\t<div class=\"elementor-element elementor-element-964291c elementor-invisible elementor-widget elementor-widget-text-editor\" data-id=\"964291c\" data-element_type=\"widget\" data-e-type=\"widget\" data-settings=\"{&quot;_animation&quot;:&quot;fadeIn&quot;,&quot;_animation_delay&quot;:700}\" data-widget_type=\"text-editor.default\">\n\t\t\t\t<div class=\"elementor-widget-container\">\n\t\t\t\t\t\t\t\t\t<p>En Equus Empord\u00e0, tenemos un equipo apasionado y comprometido con el bienestar de los caballos y la formaci\u00f3n de nuestros jinetes. Cada uno de nosotros aporta experiencia, dedicaci\u00f3n y amor por la equitaci\u00f3n, creando un entorno de aprendizaje \u00fanico. <\/p>\t\t\t\t\t\t\t\t<\/div>\n\t\t\t\t<\/div>\n\t\t\t\t\t<\/div>\n\t\t\t\t<\/div>\n\t\t<div class=\"elementor-element elementor-element-19cf579 e-flex e-con-boxed e-con e-child\" data-id=\"19cf579\" data-element_type=\"container\" data-e-type=\"container\">\n\t\t\t\t\t<div class=\"e-con-inner\">\n\t\t\t\t\t<\/div>\n\t\t\t\t<\/div>\n\t\t\t\t<\/div>\n\t\t<div class=\"elementor-element elementor-element-6395655 e-flex e-con-boxed e-con e-parent\" data-id=\"6395655\" data-element_type=\"container\" data-e-type=\"container\" data-settings=\"{&quot;background_background&quot;:&quot;classic&quot;}\">\n\t\t\t\t\t<div class=\"e-con-inner\">\n\t\t<div class=\"elementor-element elementor-element-3d91098 e-con-full e-flex e-con e-child\" data-id=\"3d91098\" data-element_type=\"container\" data-e-type=\"container\">\n\t\t<div class=\"elementor-element elementor-element-4f2bf3b e-con-full e-flex e-con e-child\" data-id=\"4f2bf3b\" data-element_type=\"container\" data-e-type=\"container\" data-settings=\"{&quot;motion_fx_motion_fx_scrolling&quot;:&quot;yes&quot;,&quot;motion_fx_translateY_effect&quot;:&quot;yes&quot;,&quot;motion_fx_translateY_speed&quot;:{&quot;unit&quot;:&quot;px&quot;,&quot;size&quot;:2,&quot;sizes&quot;:[]},&quot;motion_fx_translateY_affectedRange&quot;:{&quot;unit&quot;:&quot;%&quot;,&quot;size&quot;:&quot;&quot;,&quot;sizes&quot;:{&quot;start&quot;:0,&quot;end&quot;:100}},&quot;motion_fx_devices&quot;:[&quot;desktop&quot;,&quot;tablet&quot;,&quot;mobile&quot;]}\">\n\t\t\t\t<div class=\"elementor-element elementor-element-e5470ed elementor-widget elementor-widget-image\" data-id=\"e5470ed\" data-element_type=\"widget\" data-e-type=\"widget\" data-widget_type=\"image.default\">\n\t\t\t\t<div class=\"elementor-widget-container\">\n\t\t\t\t\t\t\t\t\t\t\t\t\t\t\t<img fetchpriority=\"high\" decoding=\"async\" width=\"1393\" height=\"1393\" src=\"https:\/\/equusemporda.com\/wp-content\/uploads\/2025\/02\/equus-emporda-equip-laia-palma.jpg\" class=\"attachment-full size-full wp-image-133\" alt=\"\" srcset=\"https:\/\/equusemporda.com\/wp-content\/uploads\/2025\/02\/equus-emporda-equip-laia-palma.jpg 1393w, https:\/\/equusemporda.com\/wp-content\/uploads\/2025\/02\/equus-emporda-equip-laia-palma-300x300.jpg 300w, https:\/\/equusemporda.com\/wp-content\/uploads\/2025\/02\/equus-emporda-equip-laia-palma-1024x1024.jpg 1024w, https:\/\/equusemporda.com\/wp-content\/uploads\/2025\/02\/equus-emporda-equip-laia-palma-150x150.jpg 150w, https:\/\/equusemporda.com\/wp-content\/uploads\/2025\/02\/equus-emporda-equip-laia-palma-768x768.jpg 768w\" sizes=\"(max-width: 1393px) 100vw, 1393px\" \/>\t\t\t\t\t\t\t\t\t\t\t\t\t\t\t<\/div>\n\t\t\t\t<\/div>\n\t\t\t\t<\/div>\n\t\t<div class=\"elementor-element elementor-element-a8aa4cc e-con-full e-flex e-con e-child\" data-id=\"a8aa4cc\" data-element_type=\"container\" data-e-type=\"container\" data-settings=\"{&quot;motion_fx_motion_fx_scrolling&quot;:&quot;yes&quot;,&quot;motion_fx_translateY_effect&quot;:&quot;yes&quot;,&quot;motion_fx_translateY_speed&quot;:{&quot;unit&quot;:&quot;px&quot;,&quot;size&quot;:2,&quot;sizes&quot;:[]},&quot;motion_fx_translateY_affectedRange&quot;:{&quot;unit&quot;:&quot;%&quot;,&quot;size&quot;:&quot;&quot;,&quot;sizes&quot;:{&quot;start&quot;:0,&quot;end&quot;:100}},&quot;motion_fx_devices&quot;:[&quot;desktop&quot;,&quot;tablet&quot;,&quot;mobile&quot;]}\">\n\t\t\t\t<div class=\"elementor-element elementor-element-91dbfd3 elementor-widget elementor-widget-heading\" data-id=\"91dbfd3\" data-element_type=\"widget\" data-e-type=\"widget\" data-widget_type=\"heading.default\">\n\t\t\t\t<div class=\"elementor-widget-container\">\n\t\t\t\t\t<h2 class=\"elementor-heading-title elementor-size-default\">Laia Palma<\/h2>\t\t\t\t<\/div>\n\t\t\t\t<\/div>\n\t\t\t\t<div class=\"elementor-element elementor-element-381d9f1 elementor-widget elementor-widget-text-editor\" data-id=\"381d9f1\" data-element_type=\"widget\" data-e-type=\"widget\" data-widget_type=\"text-editor.default\">\n\t\t\t\t<div class=\"elementor-widget-container\">\n\t\t\t\t\t\t\t\t\t<p>Directora del centro, con m\u00e1s de una d\u00e9cada de experiencia en el mundo de los caballos. T\u00e9cnico 2 de disciplinas ol\u00edmpicas ecuestres. <\/p>\t\t\t\t\t\t\t\t<\/div>\n\t\t\t\t<\/div>\n\t\t\t\t<\/div>\n\t\t\t\t<\/div>\n\t\t\t\t\t<\/div>\n\t\t\t\t<\/div>\n\t\t<div class=\"elementor-element elementor-element-809cc22 e-con-full e-flex e-con e-parent\" data-id=\"809cc22\" data-element_type=\"container\" data-e-type=\"container\" data-settings=\"{&quot;background_background&quot;:&quot;classic&quot;}\">\n\t\t\t\t<div class=\"elementor-element elementor-element-4ffe808 elementor-invisible elementor-widget elementor-widget-heading\" data-id=\"4ffe808\" data-element_type=\"widget\" data-e-type=\"widget\" data-settings=\"{&quot;_animation&quot;:&quot;fadeInUp&quot;,&quot;_animation_delay&quot;:600}\" data-widget_type=\"heading.default\">\n\t\t\t\t<div class=\"elementor-widget-container\">\n\t\t\t\t\t<h2 class=\"elementor-heading-title elementor-size-default\">Contacta<\/h2>\t\t\t\t<\/div>\n\t\t\t\t<\/div>\n\t\t\t\t<div class=\"elementor-element elementor-element-fbe43d0 elementor-invisible elementor-widget elementor-widget-text-editor\" data-id=\"fbe43d0\" data-element_type=\"widget\" data-e-type=\"widget\" data-settings=\"{&quot;_animation&quot;:&quot;fadeIn&quot;,&quot;_animation_delay&quot;:700}\" data-widget_type=\"text-editor.default\">\n\t\t\t\t<div class=\"elementor-widget-container\">\n\t\t\t\t\t\t\t\t\t<p>\u00bfQuieres m\u00e1s informaci\u00f3n o venir a conocernos?<\/p>\t\t\t\t\t\t\t\t<\/div>\n\t\t\t\t<\/div>\n\t\t\t\t<div class=\"elementor-element elementor-element-2f03ab3 elementor-align-center animated-slow e-transform elementor-invisible elementor-widget elementor-widget-button\" data-id=\"2f03ab3\" data-element_type=\"widget\" data-e-type=\"widget\" data-settings=\"{&quot;_animation&quot;:&quot;fadeIn&quot;,&quot;_animation_delay&quot;:700,&quot;_transform_translateY_effect_hover&quot;:{&quot;unit&quot;:&quot;px&quot;,&quot;size&quot;:-4,&quot;sizes&quot;:[]},&quot;_transform_translateX_effect_hover&quot;:{&quot;unit&quot;:&quot;px&quot;,&quot;size&quot;:&quot;&quot;,&quot;sizes&quot;:[]},&quot;_transform_translateX_effect_hover_tablet&quot;:{&quot;unit&quot;:&quot;px&quot;,&quot;size&quot;:&quot;&quot;,&quot;sizes&quot;:[]},&quot;_transform_translateX_effect_hover_mobile&quot;:{&quot;unit&quot;:&quot;px&quot;,&quot;size&quot;:&quot;&quot;,&quot;sizes&quot;:[]},&quot;_transform_translateY_effect_hover_tablet&quot;:{&quot;unit&quot;:&quot;px&quot;,&quot;size&quot;:&quot;&quot;,&quot;sizes&quot;:[]},&quot;_transform_translateY_effect_hover_mobile&quot;:{&quot;unit&quot;:&quot;px&quot;,&quot;size&quot;:&quot;&quot;,&quot;sizes&quot;:[]}}\" data-widget_type=\"button.default\">\n\t\t\t\t<div class=\"elementor-widget-container\">\n\t\t\t\t\t\t\t\t\t<div class=\"elementor-button-wrapper\">\n\t\t\t\t\t<a class=\"elementor-button elementor-button-link elementor-size-sm\" href=\"https:\/\/equusemporda.com\/es\/contacto-y-situacion\/\">\n\t\t\t\t\t\t<span class=\"elementor-button-content-wrapper\">\n\t\t\t\t\t\t\t\t\t<span class=\"elementor-button-text\">Contacta con nosotros<\/span>\n\t\t\t\t\t<\/span>\n\t\t\t\t\t<\/a>\n\t\t\t\t<\/div>\n\t\t\t\t\t\t\t\t<\/div>\n\t\t\t\t<\/div>\n\t\t\t\t<\/div>\n\t\t\t\t<\/div>\n\t\t","protected":false},"excerpt":{"rendered":"<p>Qui\u00e9nes Somos En Equus Empord\u00e0, tenemos un equipo apasionado y comprometido con el bienestar de los caballos y la formaci\u00f3n de nuestros jinetes. Cada uno de nosotros aporta experiencia, dedicaci\u00f3n y amor por la equitaci\u00f3n, creando un entorno de aprendizaje \u00fanico. Laia Palma Directora del centro, con m\u00e1s de una d\u00e9cada de experiencia en el [&hellip;]<\/p>\n","protected":false},"author":1,"featured_media":140,"parent":0,"menu_order":0,"comment_status":"closed","ping_status":"closed","template":"elementor_header_footer","meta":{"footnotes":""},"class_list":["post-685","page","type-page","status-publish","has-post-thumbnail","hentry"],"yoast_head":"<!-- This site is optimized with the Yoast SEO plugin v27.4 - https:\/\/yoast.com\/product\/yoast-seo-wordpress\/ -->\n<title>Equipo - Equus Empord\u00e0<\/title>\n<meta name=\"description\" content=\"Conoce al equipo de Equus Empord\u00e0, profesionales apasionados por el bienestar de los caballos y la formaci\u00f3n de los jinetes en un entorno \u00fanico.\" \/>\n<meta name=\"robots\" content=\"index, follow, max-snippet:-1, max-image-preview:large, max-video-preview:-1\" \/>\n<link rel=\"canonical\" href=\"https:\/\/equusemporda.com\/es\/quienes-somos\/\" \/>\n<meta property=\"og:locale\" content=\"es_ES\" \/>\n<meta property=\"og:type\" content=\"article\" \/>\n<meta property=\"og:title\" content=\"Equipo - Equus Empord\u00e0\" \/>\n<meta property=\"og:description\" content=\"Conoce al equipo de Equus Empord\u00e0, profesionales apasionados por el bienestar de los caballos y la formaci\u00f3n de los jinetes en un entorno \u00fanico.\" \/>\n<meta property=\"og:url\" content=\"https:\/\/equusemporda.com\/es\/quienes-somos\/\" \/>\n<meta property=\"og:site_name\" content=\"Equus Empord\u00e0\" \/>\n<meta property=\"article:publisher\" content=\"https:\/\/www.instagram.com\/equus_emporda\/\" \/>\n<meta property=\"article:modified_time\" content=\"2025-05-30T06:28:36+00:00\" \/>\n<meta property=\"og:image\" content=\"https:\/\/equusemporda.com\/wp-content\/uploads\/2025\/02\/equus-emporda-qui-som.jpg\" \/>\n\t<meta property=\"og:image:width\" content=\"2000\" \/>\n\t<meta property=\"og:image:height\" content=\"1338\" \/>\n\t<meta property=\"og:image:type\" content=\"image\/jpeg\" \/>\n<meta name=\"twitter:card\" content=\"summary_large_image\" \/>\n<script type=\"application\/ld+json\" class=\"yoast-schema-graph\">{\"@context\":\"https:\\\/\\\/schema.org\",\"@graph\":[{\"@type\":\"WebPage\",\"@id\":\"https:\\\/\\\/equusemporda.com\\\/es\\\/quienes-somos\\\/\",\"url\":\"https:\\\/\\\/equusemporda.com\\\/es\\\/quienes-somos\\\/\",\"name\":\"Equipo - Equus Empord\u00e0\",\"isPartOf\":{\"@id\":\"https:\\\/\\\/equusemporda.com\\\/es\\\/#website\"},\"primaryImageOfPage\":{\"@id\":\"https:\\\/\\\/equusemporda.com\\\/es\\\/quienes-somos\\\/#primaryimage\"},\"image\":{\"@id\":\"https:\\\/\\\/equusemporda.com\\\/es\\\/quienes-somos\\\/#primaryimage\"},\"thumbnailUrl\":\"https:\\\/\\\/equusemporda.com\\\/wp-content\\\/uploads\\\/2025\\\/02\\\/equus-emporda-qui-som.jpg\",\"datePublished\":\"2025-02-19T07:21:15+00:00\",\"dateModified\":\"2025-05-30T06:28:36+00:00\",\"description\":\"Conoce al equipo de Equus Empord\u00e0, profesionales apasionados por el bienestar de los caballos y la formaci\u00f3n de los jinetes en un entorno \u00fanico.\",\"breadcrumb\":{\"@id\":\"https:\\\/\\\/equusemporda.com\\\/es\\\/quienes-somos\\\/#breadcrumb\"},\"inLanguage\":\"es\",\"potentialAction\":[{\"@type\":\"ReadAction\",\"target\":[\"https:\\\/\\\/equusemporda.com\\\/es\\\/quienes-somos\\\/\"]}]},{\"@type\":\"ImageObject\",\"inLanguage\":\"es\",\"@id\":\"https:\\\/\\\/equusemporda.com\\\/es\\\/quienes-somos\\\/#primaryimage\",\"url\":\"https:\\\/\\\/equusemporda.com\\\/wp-content\\\/uploads\\\/2025\\\/02\\\/equus-emporda-qui-som.jpg\",\"contentUrl\":\"https:\\\/\\\/equusemporda.com\\\/wp-content\\\/uploads\\\/2025\\\/02\\\/equus-emporda-qui-som.jpg\",\"width\":2000,\"height\":1338},{\"@type\":\"BreadcrumbList\",\"@id\":\"https:\\\/\\\/equusemporda.com\\\/es\\\/quienes-somos\\\/#breadcrumb\",\"itemListElement\":[{\"@type\":\"ListItem\",\"position\":1,\"name\":\"Inici\",\"item\":\"https:\\\/\\\/equusemporda.com\\\/es\\\/equus-emporda\\\/\"},{\"@type\":\"ListItem\",\"position\":2,\"name\":\"Qui\u00e9nes Somos\"}]},{\"@type\":\"WebSite\",\"@id\":\"https:\\\/\\\/equusemporda.com\\\/es\\\/#website\",\"url\":\"https:\\\/\\\/equusemporda.com\\\/es\\\/\",\"name\":\"Equus Empord\u00e0\",\"description\":\"Escola amb una d\u00e8cada d&#039;experi\u00e8ncia al m\u00f3n dels cavalls i especialitzada en l&#039;ensenyament.\",\"publisher\":{\"@id\":\"https:\\\/\\\/equusemporda.com\\\/es\\\/#organization\"},\"potentialAction\":[{\"@type\":\"SearchAction\",\"target\":{\"@type\":\"EntryPoint\",\"urlTemplate\":\"https:\\\/\\\/equusemporda.com\\\/es\\\/?s={search_term_string}\"},\"query-input\":{\"@type\":\"PropertyValueSpecification\",\"valueRequired\":true,\"valueName\":\"search_term_string\"}}],\"inLanguage\":\"es\"},{\"@type\":\"Organization\",\"@id\":\"https:\\\/\\\/equusemporda.com\\\/es\\\/#organization\",\"name\":\"Equus Empord\u00e0\",\"url\":\"https:\\\/\\\/equusemporda.com\\\/es\\\/\",\"logo\":{\"@type\":\"ImageObject\",\"inLanguage\":\"es\",\"@id\":\"https:\\\/\\\/equusemporda.com\\\/es\\\/#\\\/schema\\\/logo\\\/image\\\/\",\"url\":\"https:\\\/\\\/equusemporda.com\\\/wp-content\\\/uploads\\\/2025\\\/02\\\/equus-emporda-logotip.webp\",\"contentUrl\":\"https:\\\/\\\/equusemporda.com\\\/wp-content\\\/uploads\\\/2025\\\/02\\\/equus-emporda-logotip.webp\",\"width\":1072,\"height\":155,\"caption\":\"Equus Empord\u00e0\"},\"image\":{\"@id\":\"https:\\\/\\\/equusemporda.com\\\/es\\\/#\\\/schema\\\/logo\\\/image\\\/\"},\"sameAs\":[\"https:\\\/\\\/www.instagram.com\\\/equus_emporda\\\/\",\"https:\\\/\\\/www.youtube.com\\\/channel\\\/UC9CGmx139G2i4xtQwUViKuA\"]}]}<\/script>\n<!-- \/ Yoast SEO plugin. -->","yoast_head_json":{"title":"Equipo - Equus Empord\u00e0","description":"Conoce al equipo de Equus Empord\u00e0, profesionales apasionados por el bienestar de los caballos y la formaci\u00f3n de los jinetes en un entorno \u00fanico.","robots":{"index":"index","follow":"follow","max-snippet":"max-snippet:-1","max-image-preview":"max-image-preview:large","max-video-preview":"max-video-preview:-1"},"canonical":"https:\/\/equusemporda.com\/es\/quienes-somos\/","og_locale":"es_ES","og_type":"article","og_title":"Equipo - Equus Empord\u00e0","og_description":"Conoce al equipo de Equus Empord\u00e0, profesionales apasionados por el bienestar de los caballos y la formaci\u00f3n de los jinetes en un entorno \u00fanico.","og_url":"https:\/\/equusemporda.com\/es\/quienes-somos\/","og_site_name":"Equus Empord\u00e0","article_publisher":"https:\/\/www.instagram.com\/equus_emporda\/","article_modified_time":"2025-05-30T06:28:36+00:00","og_image":[{"width":2000,"height":1338,"url":"https:\/\/equusemporda.com\/wp-content\/uploads\/2025\/02\/equus-emporda-qui-som.jpg","type":"image\/jpeg"}],"twitter_card":"summary_large_image","schema":{"@context":"https:\/\/schema.org","@graph":[{"@type":"WebPage","@id":"https:\/\/equusemporda.com\/es\/quienes-somos\/","url":"https:\/\/equusemporda.com\/es\/quienes-somos\/","name":"Equipo - Equus Empord\u00e0","isPartOf":{"@id":"https:\/\/equusemporda.com\/es\/#website"},"primaryImageOfPage":{"@id":"https:\/\/equusemporda.com\/es\/quienes-somos\/#primaryimage"},"image":{"@id":"https:\/\/equusemporda.com\/es\/quienes-somos\/#primaryimage"},"thumbnailUrl":"https:\/\/equusemporda.com\/wp-content\/uploads\/2025\/02\/equus-emporda-qui-som.jpg","datePublished":"2025-02-19T07:21:15+00:00","dateModified":"2025-05-30T06:28:36+00:00","description":"Conoce al equipo de Equus Empord\u00e0, profesionales apasionados por el bienestar de los caballos y la formaci\u00f3n de los jinetes en un entorno \u00fanico.","breadcrumb":{"@id":"https:\/\/equusemporda.com\/es\/quienes-somos\/#breadcrumb"},"inLanguage":"es","potentialAction":[{"@type":"ReadAction","target":["https:\/\/equusemporda.com\/es\/quienes-somos\/"]}]},{"@type":"ImageObject","inLanguage":"es","@id":"https:\/\/equusemporda.com\/es\/quienes-somos\/#primaryimage","url":"https:\/\/equusemporda.com\/wp-content\/uploads\/2025\/02\/equus-emporda-qui-som.jpg","contentUrl":"https:\/\/equusemporda.com\/wp-content\/uploads\/2025\/02\/equus-emporda-qui-som.jpg","width":2000,"height":1338},{"@type":"BreadcrumbList","@id":"https:\/\/equusemporda.com\/es\/quienes-somos\/#breadcrumb","itemListElement":[{"@type":"ListItem","position":1,"name":"Inici","item":"https:\/\/equusemporda.com\/es\/equus-emporda\/"},{"@type":"ListItem","position":2,"name":"Qui\u00e9nes Somos"}]},{"@type":"WebSite","@id":"https:\/\/equusemporda.com\/es\/#website","url":"https:\/\/equusemporda.com\/es\/","name":"Equus Empord\u00e0","description":"Escola amb una d\u00e8cada d&#039;experi\u00e8ncia al m\u00f3n dels cavalls i especialitzada en l&#039;ensenyament.","publisher":{"@id":"https:\/\/equusemporda.com\/es\/#organization"},"potentialAction":[{"@type":"SearchAction","target":{"@type":"EntryPoint","urlTemplate":"https:\/\/equusemporda.com\/es\/?s={search_term_string}"},"query-input":{"@type":"PropertyValueSpecification","valueRequired":true,"valueName":"search_term_string"}}],"inLanguage":"es"},{"@type":"Organization","@id":"https:\/\/equusemporda.com\/es\/#organization","name":"Equus Empord\u00e0","url":"https:\/\/equusemporda.com\/es\/","logo":{"@type":"ImageObject","inLanguage":"es","@id":"https:\/\/equusemporda.com\/es\/#\/schema\/logo\/image\/","url":"https:\/\/equusemporda.com\/wp-content\/uploads\/2025\/02\/equus-emporda-logotip.webp","contentUrl":"https:\/\/equusemporda.com\/wp-content\/uploads\/2025\/02\/equus-emporda-logotip.webp","width":1072,"height":155,"caption":"Equus Empord\u00e0"},"image":{"@id":"https:\/\/equusemporda.com\/es\/#\/schema\/logo\/image\/"},"sameAs":["https:\/\/www.instagram.com\/equus_emporda\/","https:\/\/www.youtube.com\/channel\/UC9CGmx139G2i4xtQwUViKuA"]}]}},"_links":{"self":[{"href":"https:\/\/equusemporda.com\/es\/wp-json\/wp\/v2\/pages\/685","targetHints":{"allow":["GET"]}}],"collection":[{"href":"https:\/\/equusemporda.com\/es\/wp-json\/wp\/v2\/pages"}],"about":[{"href":"https:\/\/equusemporda.com\/es\/wp-json\/wp\/v2\/types\/page"}],"author":[{"embeddable":true,"href":"https:\/\/equusemporda.com\/es\/wp-json\/wp\/v2\/users\/1"}],"replies":[{"embeddable":true,"href":"https:\/\/equusemporda.com\/es\/wp-json\/wp\/v2\/comments?post=685"}],"version-history":[{"count":5,"href":"https:\/\/equusemporda.com\/es\/wp-json\/wp\/v2\/pages\/685\/revisions"}],"predecessor-version":[{"id":914,"href":"https:\/\/equusemporda.com\/es\/wp-json\/wp\/v2\/pages\/685\/revisions\/914"}],"wp:featuredmedia":[{"embeddable":true,"href":"https:\/\/equusemporda.com\/es\/wp-json\/wp\/v2\/media\/140"}],"wp:attachment":[{"href":"https:\/\/equusemporda.com\/es\/wp-json\/wp\/v2\/media?parent=685"}],"curies":[{"name":"wp","href":"https:\/\/api.w.org\/{rel}","templated":true}]}}