{"id":664,"date":"2025-02-18T10:45:24","date_gmt":"2025-02-18T09:45:24","guid":{"rendered":"https:\/\/equusemporda.com\/politica-de-privacidad\/"},"modified":"2025-02-27T12:59:12","modified_gmt":"2025-02-27T11:59:12","slug":"politica-de-privacidad","status":"publish","type":"page","link":"https:\/\/equusemporda.com\/es\/politica-de-privacidad\/","title":{"rendered":"Pol\u00edtica de privacidad"},"content":{"rendered":"\t\t<div data-elementor-type=\"wp-page\" data-elementor-id=\"664\" class=\"elementor elementor-664 elementor-3\" data-elementor-post-type=\"page\">\n\t\t\t\t<div class=\"elementor-element elementor-element-3309c43e e-flex e-con-boxed e-con e-parent\" data-id=\"3309c43e\" data-element_type=\"container\" data-e-type=\"container\" data-settings=\"{&quot;background_background&quot;:&quot;classic&quot;}\">\n\t\t\t\t\t<div class=\"e-con-inner\">\n\t\t\t\t<div class=\"elementor-element elementor-element-56525e5c elementor-widget-divider--view-line elementor-invisible elementor-widget elementor-widget-divider\" data-id=\"56525e5c\" data-element_type=\"widget\" data-e-type=\"widget\" data-settings=\"{&quot;_animation&quot;:&quot;fadeInUp&quot;,&quot;_animation_delay&quot;:700}\" data-widget_type=\"divider.default\">\n\t\t\t\t<div class=\"elementor-widget-container\">\n\t\t\t\t\t\t\t<div class=\"elementor-divider\">\n\t\t\t<span class=\"elementor-divider-separator\">\n\t\t\t\t\t\t<\/span>\n\t\t<\/div>\n\t\t\t\t\t\t<\/div>\n\t\t\t\t<\/div>\n\t\t\t\t<div class=\"elementor-element elementor-element-55b09f90 animated-slow elementor-invisible elementor-widget elementor-widget-text-editor\" data-id=\"55b09f90\" data-element_type=\"widget\" data-e-type=\"widget\" data-settings=\"{&quot;_animation&quot;:&quot;fadeIn&quot;,&quot;_animation_delay&quot;:500}\" data-widget_type=\"text-editor.default\">\n\t\t\t\t<div class=\"elementor-widget-container\">\n\t\t\t\t\t\t\t\t\t<p>1. RESPONSABLE DEL TRATAMIENTO<\/p>\n<p>FOSTER THE MARKET SL (en adelante, el \u201cResponsable\u201d).<\/p>\n<p>1.1. Normativa aplicable<\/p>\n<p>Nuestra Pol\u00edtica de Privacidad se ha dise\u00f1ado de acuerdo con el Reglamento General de Protecci\u00f3n de Datos de la UE 2016\/679 del Parlamento Europeo y del Consejo, de 27 de abril de 2016, relativo a la protecci\u00f3n de las personas f\u00edsicas en cuanto al tratamiento de datos personales ya la libre circulaci\u00f3n de estos datos y por la org\u00e1nica 3\/2018 de 5 de diciembre, de Protecci\u00f3n de Datos de Car\u00e1cter Personal y Garant\u00eda de los Derechos Digitales.<\/p>\n<p>Al facilitarnos sus datos, Usted declara haber le\u00eddo y conocer la presente Pol\u00edtica de Privacidad, prestando su consentimiento inequ\u00edvoco y expreso al tratamiento de sus datos personales de acuerdo con las finalidades y t\u00e9rminos aqu\u00ed expresados.<\/p>\n<p>La Empresa podr\u00e1 modificar la presente Pol\u00edtica de Privacidad para adaptarla a las novedades legislativas, jurisprudenciales o de interpretaci\u00f3n de la Agencia Espa\u00f1ola de Protecci\u00f3n de Datos. Estas condiciones de privacidad podr\u00e1n ser complementadas por el Aviso Legal, Pol\u00edtica de Cookies y las Condiciones Generales que, en su caso, se recojan para determinados productos o servicios, si dicho acceso supone alguna especialidad en materia de protecci\u00f3n de datos de car\u00e1cter personal. <\/p>\n<p>1.2. Nuestro Delegado de Protecci\u00f3n de Datos<\/p>\n<p>LOPDMONTOLIU Y SERVEIS SL, con NIF. B55261804. El tel\u00e9fono de contacto es 625 459 540 y el correo electr\u00f3nico: info@lopdmontoliu.es.  <\/p>\n<p>2. FINALIDAD DEL TRATAMIENTO DE LOS DATOS PERSONALES<\/p>\n<p>El tratamiento que realizamos de sus datos personales responde a las siguientes finalidades:<\/p>\n<p>Proporcionarle informaci\u00f3n relacionada con los productos y servicios que ofrece nuestra empresa y que detallan en este sitio web.<br> Realizar la contrataci\u00f3n de nuestros servicios mediante la aceptaci\u00f3n del correspondiente presupuesto\/pedido y\/o la firma de un contrato mercantil.<br> Enviarle por correo electr\u00f3nico y\/o postal las noticias y novedades sobre nuestra entidad, as\u00ed como las actualizaciones de nuestro cat\u00e1logo de productos y servicios.<br> 2.1. Plazo de Conservaci\u00f3n de sus datos <\/p>\n<p>Conservaremos sus datos personales desde que nos d\u00e9 su consentimiento hasta que lo revoque o solicite la limitaci\u00f3n del tratamiento. En tales casos, mantendremos sus datos de forma bloqueada durante los plazos legalmente exigidos. <\/p>\n<p>3. LEGITIMACI\u00d3N Y DATOS RECAUDADOS<\/p>\n<p>La legitimaci\u00f3n para el tratamiento de sus datos es el consentimiento expreso otorgado mediante un acto positivo y afirmativo (rellenar el formulario correspondiente y marcar la casilla de aceptaci\u00f3n de esta pol\u00edtica) en el momento de facilitarnos sus datos personales.<\/p>\n<p>3.1. Consentimiento para tratar sus datos<\/p>\n<p>Al cumplimentar los formularios, marcar la casilla \u201cAcepto la Pol\u00edtica de Privacidad\u201d y hacer clic para enviar los datos, o al remitir correos electr\u00f3nicos a la Empresa a trav\u00e9s de las cuentas habilitadas al efecto, el Usuario manifiesta haber le\u00eddo y aceptado expresamente la presente pol\u00edtica de privacidad, y otorga su consentimiento a los mismos.<\/p>\n<p>3.2. Categor\u00edas de datos<\/p>\n<p>Los datos recabados se refieren a la categor\u00eda de datos identificativos, como pueden ser: Nombre y Apellidos, Tel\u00e9fono, Direcci\u00f3n Postal, Empresa, Correo electr\u00f3nico, as\u00ed como la direcci\u00f3n IP desde donde accede al formulario de recogida de datos.<\/p>\n<p>4. MEDIDAS DE SEGURIDAD<\/p>\n<p>Dentro de nuestro compromiso por garantizar la seguridad y confidencialidad de sus datos de car\u00e1cter personal, le informamos que se han adoptado las medidas de \u00edndole t\u00e9cnica y organizativas necesarias para garantizar la seguridad de los datos de car\u00e1cter personal y evitar su alteraci\u00f3n, p\u00e9rdida, tratamiento o acceso no autorizado, teniendo en cuenta del estado de la tecnolog\u00eda, la naturaleza de los datos almacenados y arte. 32 del RGPD EU 679\/2016. <\/p>\n<p>5. CESI\u00d3N DE DATOS<\/p>\n<p>No se prev\u00e9n cesiones de datos ni transferencias internacionales de sus datos, con excepci\u00f3n de las autorizadas por la legislaci\u00f3n fiscal, mercantil y de telecomunicaciones as\u00ed como en aquellos casos en los que una autoridad judicial nos lo requiera.<\/p>\n<p>6. DERECHOS DEL USUARIO<\/p>\n<p>Cualquier interesado tiene derecho a obtener confirmaci\u00f3n sobre si estamos tratando datos personales que le conciernan, o no. Las personas interesadas tienen derecho a acceder a sus datos personales, as\u00ed como a solicitar la rectificaci\u00f3n de los datos inexactos o, en su caso, solicitar su supresi\u00f3n cuando, entre otros motivos, los datos ya no sean necesarios para los fines recogidos. En determinadas circunstancias, los interesados \u200b\u200bpodr\u00e1n solicitar la limitaci\u00f3n del tratamiento de sus datos, en cuyo caso \u00fanicamente los conservaremos para el ejercicio o la defensa de reclamaciones. Por motivos relacionados con su situaci\u00f3n particular, los interesados \u200b\u200bpodr\u00e1n oponerse al tratamiento de sus datos. El Responsable del fichero dejar\u00e1 de tratar los datos, salvo por motivos imperiosos leg\u00edtimos, o el ejercicio o la defensa de posibles reclamaciones.    <\/p>\n<p>De acuerdo con la legislaci\u00f3n vigente tiene los siguientes derechos: derecho a solicitar el acceso a sus datos personales, derecho a solicitar su rectificaci\u00f3n o supresi\u00f3n, derecho a solicitar la limitaci\u00f3n de su tratamiento, derecho a oponerse al tratamiento, derecho a la portabilidad de los datos y asimismo a revocar el consentimiento otorgado. Asimismo, tendr\u00e1 derecho a presentar una reclamaci\u00f3n ante la Agencia Espa\u00f1ola de Protecci\u00f3n de Datos. <\/p>\n<p>6.1. \u00bfC\u00f3mo ejercitar mis derechos?<\/p>\n<p>Para ejercer sus derechos, debe dirigirse al responsable, solicitando el correspondiente formulario para el ejercicio del derecho elegido. Opcionalmente, puede acudir a la Autoridad de Control competente para obtener informaci\u00f3n adicional sobre sus derechos. Los datos de contacto para el ejercicio de sus derechos son el tel\u00e9fono 653 841 001 y el correo electr\u00f3nico: foster@foster.cat. Recuerde acompa\u00f1ar una copia de un documento que nos permita identificarle.   <\/p>\n<p>7. CONSENTIMIENTO PARA ENV\u00cdO DE COMUNICACIONES ELECTR\u00d3NICAS<\/p>\n<p>Asimismo, y de acuerdo con lo que se establece en la Ley 34\/2002, de 11 de julio, de Servicios de la Sociedad de la Informaci\u00f3n y del Comercio Electr\u00f3nico, completando el formulario de recogida de datos y marcando la correspondiente casilla \u201cAcepto\u201d est\u00e1 otorgando el consentimiento expreso para enviarle a su tel\u00e9fono de informaci\u00f3n sobre correo electr\u00f3nico.<\/p>\t\t\t\t\t\t\t\t<\/div>\n\t\t\t\t<\/div>\n\t\t\t\t\t<\/div>\n\t\t\t\t<\/div>\n\t\t\t\t<\/div>\n\t\t","protected":false},"excerpt":{"rendered":"<p>1. RESPONSABLE DEL TRATAMIENTO FOSTER THE MARKET SL (en adelante, el \u201cResponsable\u201d). 1.1. Normativa aplicable Nuestra Pol\u00edtica de Privacidad se ha dise\u00f1ado de acuerdo con el Reglamento General de Protecci\u00f3n de Datos de la UE 2016\/679 del Parlamento Europeo y del Consejo, de 27 de abril de 2016, relativo a la protecci\u00f3n de las personas [&hellip;]<\/p>\n","protected":false},"author":1,"featured_media":127,"parent":0,"menu_order":0,"comment_status":"closed","ping_status":"closed","template":"elementor_header_footer","meta":{"footnotes":""},"class_list":["post-664","page","type-page","status-publish","has-post-thumbnail","hentry"],"yoast_head":"<!-- This site is optimized with the Yoast SEO plugin v27.3 - https:\/\/yoast.com\/product\/yoast-seo-wordpress\/ -->\n<title>Pol\u00edtica de privacidad - Equus Empord\u00e0<\/title>\n<meta name=\"description\" content=\"Pol\u00edtica de privacidad de Equus Empord\u00e0: consulta c\u00f3mo protegemos tus datos personales y garantizamos tu seguridad en la navegaci\u00f3n.\" \/>\n<meta name=\"robots\" content=\"index, follow, max-snippet:-1, max-image-preview:large, max-video-preview:-1\" \/>\n<link rel=\"canonical\" href=\"https:\/\/equusemporda.com\/es\/politica-de-privacidad\/\" \/>\n<meta property=\"og:locale\" content=\"es_ES\" \/>\n<meta property=\"og:type\" content=\"article\" \/>\n<meta property=\"og:title\" content=\"Pol\u00edtica de privacidad - Equus Empord\u00e0\" \/>\n<meta property=\"og:description\" content=\"Pol\u00edtica de privacidad de Equus Empord\u00e0: consulta c\u00f3mo protegemos tus datos personales y garantizamos tu seguridad en la navegaci\u00f3n.\" \/>\n<meta property=\"og:url\" content=\"https:\/\/equusemporda.com\/es\/politica-de-privacidad\/\" \/>\n<meta property=\"og:site_name\" content=\"Equus Empord\u00e0\" \/>\n<meta property=\"article:publisher\" content=\"https:\/\/www.instagram.com\/equus_emporda\/\" \/>\n<meta property=\"article:modified_time\" content=\"2025-02-27T11:59:12+00:00\" \/>\n<meta property=\"og:image\" content=\"https:\/\/equusemporda.com\/wp-content\/uploads\/2025\/02\/equus-emporda-logo-circular_v.webp\" \/>\n\t<meta property=\"og:image:width\" content=\"615\" \/>\n\t<meta property=\"og:image:height\" content=\"614\" \/>\n\t<meta property=\"og:image:type\" content=\"image\/webp\" \/>\n<meta name=\"twitter:card\" content=\"summary_large_image\" \/>\n<meta name=\"twitter:label1\" content=\"Tiempo de lectura\" \/>\n\t<meta name=\"twitter:data1\" content=\"5 minutos\" \/>\n<script type=\"application\/ld+json\" class=\"yoast-schema-graph\">{\"@context\":\"https:\\\/\\\/schema.org\",\"@graph\":[{\"@type\":\"WebPage\",\"@id\":\"https:\\\/\\\/equusemporda.com\\\/es\\\/politica-de-privacidad\\\/\",\"url\":\"https:\\\/\\\/equusemporda.com\\\/es\\\/politica-de-privacidad\\\/\",\"name\":\"Pol\u00edtica de privacidad - Equus Empord\u00e0\",\"isPartOf\":{\"@id\":\"https:\\\/\\\/equusemporda.com\\\/es\\\/#website\"},\"primaryImageOfPage\":{\"@id\":\"https:\\\/\\\/equusemporda.com\\\/es\\\/politica-de-privacidad\\\/#primaryimage\"},\"image\":{\"@id\":\"https:\\\/\\\/equusemporda.com\\\/es\\\/politica-de-privacidad\\\/#primaryimage\"},\"thumbnailUrl\":\"https:\\\/\\\/equusemporda.com\\\/wp-content\\\/uploads\\\/2025\\\/02\\\/equus-emporda-logo-circular_v.webp\",\"datePublished\":\"2025-02-18T09:45:24+00:00\",\"dateModified\":\"2025-02-27T11:59:12+00:00\",\"description\":\"Pol\u00edtica de privacidad de Equus Empord\u00e0: consulta c\u00f3mo protegemos tus datos personales y garantizamos tu seguridad en la navegaci\u00f3n.\",\"breadcrumb\":{\"@id\":\"https:\\\/\\\/equusemporda.com\\\/es\\\/politica-de-privacidad\\\/#breadcrumb\"},\"inLanguage\":\"es\",\"potentialAction\":[{\"@type\":\"ReadAction\",\"target\":[\"https:\\\/\\\/equusemporda.com\\\/es\\\/politica-de-privacidad\\\/\"]}]},{\"@type\":\"ImageObject\",\"inLanguage\":\"es\",\"@id\":\"https:\\\/\\\/equusemporda.com\\\/es\\\/politica-de-privacidad\\\/#primaryimage\",\"url\":\"https:\\\/\\\/equusemporda.com\\\/wp-content\\\/uploads\\\/2025\\\/02\\\/equus-emporda-logo-circular_v.webp\",\"contentUrl\":\"https:\\\/\\\/equusemporda.com\\\/wp-content\\\/uploads\\\/2025\\\/02\\\/equus-emporda-logo-circular_v.webp\",\"width\":615,\"height\":614,\"caption\":\"Equus Empord\u00e0\"},{\"@type\":\"BreadcrumbList\",\"@id\":\"https:\\\/\\\/equusemporda.com\\\/es\\\/politica-de-privacidad\\\/#breadcrumb\",\"itemListElement\":[{\"@type\":\"ListItem\",\"position\":1,\"name\":\"Inici\",\"item\":\"https:\\\/\\\/equusemporda.com\\\/es\\\/equus-emporda\\\/\"},{\"@type\":\"ListItem\",\"position\":2,\"name\":\"Pol\u00edtica de privacidad\"}]},{\"@type\":\"WebSite\",\"@id\":\"https:\\\/\\\/equusemporda.com\\\/es\\\/#website\",\"url\":\"https:\\\/\\\/equusemporda.com\\\/es\\\/\",\"name\":\"Equus Empord\u00e0\",\"description\":\"Escola amb una d\u00e8cada d&#039;experi\u00e8ncia al m\u00f3n dels cavalls i especialitzada en l&#039;ensenyament.\",\"publisher\":{\"@id\":\"https:\\\/\\\/equusemporda.com\\\/es\\\/#organization\"},\"potentialAction\":[{\"@type\":\"SearchAction\",\"target\":{\"@type\":\"EntryPoint\",\"urlTemplate\":\"https:\\\/\\\/equusemporda.com\\\/es\\\/?s={search_term_string}\"},\"query-input\":{\"@type\":\"PropertyValueSpecification\",\"valueRequired\":true,\"valueName\":\"search_term_string\"}}],\"inLanguage\":\"es\"},{\"@type\":\"Organization\",\"@id\":\"https:\\\/\\\/equusemporda.com\\\/es\\\/#organization\",\"name\":\"Equus Empord\u00e0\",\"url\":\"https:\\\/\\\/equusemporda.com\\\/es\\\/\",\"logo\":{\"@type\":\"ImageObject\",\"inLanguage\":\"es\",\"@id\":\"https:\\\/\\\/equusemporda.com\\\/es\\\/#\\\/schema\\\/logo\\\/image\\\/\",\"url\":\"https:\\\/\\\/equusemporda.com\\\/wp-content\\\/uploads\\\/2025\\\/02\\\/equus-emporda-logotip.webp\",\"contentUrl\":\"https:\\\/\\\/equusemporda.com\\\/wp-content\\\/uploads\\\/2025\\\/02\\\/equus-emporda-logotip.webp\",\"width\":1072,\"height\":155,\"caption\":\"Equus Empord\u00e0\"},\"image\":{\"@id\":\"https:\\\/\\\/equusemporda.com\\\/es\\\/#\\\/schema\\\/logo\\\/image\\\/\"},\"sameAs\":[\"https:\\\/\\\/www.instagram.com\\\/equus_emporda\\\/\",\"https:\\\/\\\/www.youtube.com\\\/channel\\\/UC9CGmx139G2i4xtQwUViKuA\"]}]}<\/script>\n<!-- \/ Yoast SEO plugin. -->","yoast_head_json":{"title":"Pol\u00edtica de privacidad - Equus Empord\u00e0","description":"Pol\u00edtica de privacidad de Equus Empord\u00e0: consulta c\u00f3mo protegemos tus datos personales y garantizamos tu seguridad en la navegaci\u00f3n.","robots":{"index":"index","follow":"follow","max-snippet":"max-snippet:-1","max-image-preview":"max-image-preview:large","max-video-preview":"max-video-preview:-1"},"canonical":"https:\/\/equusemporda.com\/es\/politica-de-privacidad\/","og_locale":"es_ES","og_type":"article","og_title":"Pol\u00edtica de privacidad - Equus Empord\u00e0","og_description":"Pol\u00edtica de privacidad de Equus Empord\u00e0: consulta c\u00f3mo protegemos tus datos personales y garantizamos tu seguridad en la navegaci\u00f3n.","og_url":"https:\/\/equusemporda.com\/es\/politica-de-privacidad\/","og_site_name":"Equus Empord\u00e0","article_publisher":"https:\/\/www.instagram.com\/equus_emporda\/","article_modified_time":"2025-02-27T11:59:12+00:00","og_image":[{"width":615,"height":614,"url":"https:\/\/equusemporda.com\/wp-content\/uploads\/2025\/02\/equus-emporda-logo-circular_v.webp","type":"image\/webp"}],"twitter_card":"summary_large_image","twitter_misc":{"Tiempo de lectura":"5 minutos"},"schema":{"@context":"https:\/\/schema.org","@graph":[{"@type":"WebPage","@id":"https:\/\/equusemporda.com\/es\/politica-de-privacidad\/","url":"https:\/\/equusemporda.com\/es\/politica-de-privacidad\/","name":"Pol\u00edtica de privacidad - Equus Empord\u00e0","isPartOf":{"@id":"https:\/\/equusemporda.com\/es\/#website"},"primaryImageOfPage":{"@id":"https:\/\/equusemporda.com\/es\/politica-de-privacidad\/#primaryimage"},"image":{"@id":"https:\/\/equusemporda.com\/es\/politica-de-privacidad\/#primaryimage"},"thumbnailUrl":"https:\/\/equusemporda.com\/wp-content\/uploads\/2025\/02\/equus-emporda-logo-circular_v.webp","datePublished":"2025-02-18T09:45:24+00:00","dateModified":"2025-02-27T11:59:12+00:00","description":"Pol\u00edtica de privacidad de Equus Empord\u00e0: consulta c\u00f3mo protegemos tus datos personales y garantizamos tu seguridad en la navegaci\u00f3n.","breadcrumb":{"@id":"https:\/\/equusemporda.com\/es\/politica-de-privacidad\/#breadcrumb"},"inLanguage":"es","potentialAction":[{"@type":"ReadAction","target":["https:\/\/equusemporda.com\/es\/politica-de-privacidad\/"]}]},{"@type":"ImageObject","inLanguage":"es","@id":"https:\/\/equusemporda.com\/es\/politica-de-privacidad\/#primaryimage","url":"https:\/\/equusemporda.com\/wp-content\/uploads\/2025\/02\/equus-emporda-logo-circular_v.webp","contentUrl":"https:\/\/equusemporda.com\/wp-content\/uploads\/2025\/02\/equus-emporda-logo-circular_v.webp","width":615,"height":614,"caption":"Equus Empord\u00e0"},{"@type":"BreadcrumbList","@id":"https:\/\/equusemporda.com\/es\/politica-de-privacidad\/#breadcrumb","itemListElement":[{"@type":"ListItem","position":1,"name":"Inici","item":"https:\/\/equusemporda.com\/es\/equus-emporda\/"},{"@type":"ListItem","position":2,"name":"Pol\u00edtica de privacidad"}]},{"@type":"WebSite","@id":"https:\/\/equusemporda.com\/es\/#website","url":"https:\/\/equusemporda.com\/es\/","name":"Equus Empord\u00e0","description":"Escola amb una d\u00e8cada d&#039;experi\u00e8ncia al m\u00f3n dels cavalls i especialitzada en l&#039;ensenyament.","publisher":{"@id":"https:\/\/equusemporda.com\/es\/#organization"},"potentialAction":[{"@type":"SearchAction","target":{"@type":"EntryPoint","urlTemplate":"https:\/\/equusemporda.com\/es\/?s={search_term_string}"},"query-input":{"@type":"PropertyValueSpecification","valueRequired":true,"valueName":"search_term_string"}}],"inLanguage":"es"},{"@type":"Organization","@id":"https:\/\/equusemporda.com\/es\/#organization","name":"Equus Empord\u00e0","url":"https:\/\/equusemporda.com\/es\/","logo":{"@type":"ImageObject","inLanguage":"es","@id":"https:\/\/equusemporda.com\/es\/#\/schema\/logo\/image\/","url":"https:\/\/equusemporda.com\/wp-content\/uploads\/2025\/02\/equus-emporda-logotip.webp","contentUrl":"https:\/\/equusemporda.com\/wp-content\/uploads\/2025\/02\/equus-emporda-logotip.webp","width":1072,"height":155,"caption":"Equus Empord\u00e0"},"image":{"@id":"https:\/\/equusemporda.com\/es\/#\/schema\/logo\/image\/"},"sameAs":["https:\/\/www.instagram.com\/equus_emporda\/","https:\/\/www.youtube.com\/channel\/UC9CGmx139G2i4xtQwUViKuA"]}]}},"_links":{"self":[{"href":"https:\/\/equusemporda.com\/es\/wp-json\/wp\/v2\/pages\/664","targetHints":{"allow":["GET"]}}],"collection":[{"href":"https:\/\/equusemporda.com\/es\/wp-json\/wp\/v2\/pages"}],"about":[{"href":"https:\/\/equusemporda.com\/es\/wp-json\/wp\/v2\/types\/page"}],"author":[{"embeddable":true,"href":"https:\/\/equusemporda.com\/es\/wp-json\/wp\/v2\/users\/1"}],"replies":[{"embeddable":true,"href":"https:\/\/equusemporda.com\/es\/wp-json\/wp\/v2\/comments?post=664"}],"version-history":[{"count":4,"href":"https:\/\/equusemporda.com\/es\/wp-json\/wp\/v2\/pages\/664\/revisions"}],"predecessor-version":[{"id":892,"href":"https:\/\/equusemporda.com\/es\/wp-json\/wp\/v2\/pages\/664\/revisions\/892"}],"wp:featuredmedia":[{"embeddable":true,"href":"https:\/\/equusemporda.com\/es\/wp-json\/wp\/v2\/media\/127"}],"wp:attachment":[{"href":"https:\/\/equusemporda.com\/es\/wp-json\/wp\/v2\/media?parent=664"}],"curies":[{"name":"wp","href":"https:\/\/api.w.org\/{rel}","templated":true}]}}