{"id":609,"date":"2025-02-19T08:22:12","date_gmt":"2025-02-19T07:22:12","guid":{"rendered":"https:\/\/equusemporda.com\/school\/"},"modified":"2025-02-27T12:55:43","modified_gmt":"2025-02-27T11:55:43","slug":"horse-riding-school","status":"publish","type":"page","link":"https:\/\/equusemporda.com\/en\/horse-riding-school\/","title":{"rendered":"School"},"content":{"rendered":"","protected":false},"excerpt":{"rendered":"","protected":false},"author":1,"featured_media":648,"parent":0,"menu_order":0,"comment_status":"closed","ping_status":"closed","template":"","meta":{"footnotes":""},"class_list":["post-609","page","type-page","status-publish","has-post-thumbnail","hentry"],"yoast_head":"<!-- This site is optimized with the Yoast SEO plugin v27.5 - https:\/\/yoast.com\/product\/yoast-seo-wordpress\/ -->\n<title>School - Equus Empord\u00e0<\/title>\n<meta name=\"description\" content=\"Equus Empord\u00e0 riding school: training for all ages and levels. Learn and enjoy horse riding in a unique environment.\" \/>\n<meta name=\"robots\" content=\"index, follow, max-snippet:-1, max-image-preview:large, max-video-preview:-1\" \/>\n<link rel=\"canonical\" href=\"https:\/\/equusemporda.com\/en\/horse-riding-school\/\" \/>\n<meta property=\"og:locale\" content=\"en_US\" \/>\n<meta property=\"og:type\" content=\"article\" \/>\n<meta property=\"og:title\" content=\"School - Equus Empord\u00e0\" \/>\n<meta property=\"og:description\" content=\"Equus Empord\u00e0 riding school: training for all ages and levels. Learn and enjoy horse riding in a unique environment.\" \/>\n<meta property=\"og:url\" content=\"https:\/\/equusemporda.com\/en\/horse-riding-school\/\" \/>\n<meta property=\"og:site_name\" content=\"Equus Empord\u00e0\" \/>\n<meta property=\"article:publisher\" content=\"https:\/\/www.instagram.com\/equus_emporda\/\" \/>\n<meta property=\"article:modified_time\" content=\"2025-02-27T11:55:43+00:00\" \/>\n<meta property=\"og:image\" content=\"https:\/\/equusemporda.com\/wp-content\/uploads\/2025\/02\/equus-emporda-escola.jpg\" \/>\n\t<meta property=\"og:image:width\" content=\"2000\" \/>\n\t<meta property=\"og:image:height\" content=\"2046\" \/>\n\t<meta property=\"og:image:type\" content=\"image\/jpeg\" \/>\n<meta name=\"twitter:card\" content=\"summary_large_image\" \/>\n<script type=\"application\/ld+json\" class=\"yoast-schema-graph\">{\"@context\":\"https:\\\/\\\/schema.org\",\"@graph\":[{\"@type\":\"WebPage\",\"@id\":\"https:\\\/\\\/equusemporda.com\\\/en\\\/horse-riding-school\\\/\",\"url\":\"https:\\\/\\\/equusemporda.com\\\/en\\\/horse-riding-school\\\/\",\"name\":\"School - Equus Empord\u00e0\",\"isPartOf\":{\"@id\":\"https:\\\/\\\/equusemporda.com\\\/en\\\/#website\"},\"primaryImageOfPage\":{\"@id\":\"https:\\\/\\\/equusemporda.com\\\/en\\\/horse-riding-school\\\/#primaryimage\"},\"image\":{\"@id\":\"https:\\\/\\\/equusemporda.com\\\/en\\\/horse-riding-school\\\/#primaryimage\"},\"thumbnailUrl\":\"https:\\\/\\\/equusemporda.com\\\/wp-content\\\/uploads\\\/2025\\\/02\\\/equus-emporda-escola.jpg\",\"datePublished\":\"2025-02-19T07:22:12+00:00\",\"dateModified\":\"2025-02-27T11:55:43+00:00\",\"description\":\"Equus Empord\u00e0 riding school: training for all ages and levels. Learn and enjoy horse riding in a unique environment.\",\"breadcrumb\":{\"@id\":\"https:\\\/\\\/equusemporda.com\\\/en\\\/horse-riding-school\\\/#breadcrumb\"},\"inLanguage\":\"en-US\",\"potentialAction\":[{\"@type\":\"ReadAction\",\"target\":[\"https:\\\/\\\/equusemporda.com\\\/en\\\/horse-riding-school\\\/\"]}]},{\"@type\":\"ImageObject\",\"inLanguage\":\"en-US\",\"@id\":\"https:\\\/\\\/equusemporda.com\\\/en\\\/horse-riding-school\\\/#primaryimage\",\"url\":\"https:\\\/\\\/equusemporda.com\\\/wp-content\\\/uploads\\\/2025\\\/02\\\/equus-emporda-escola.jpg\",\"contentUrl\":\"https:\\\/\\\/equusemporda.com\\\/wp-content\\\/uploads\\\/2025\\\/02\\\/equus-emporda-escola.jpg\",\"width\":2000,\"height\":2046},{\"@type\":\"BreadcrumbList\",\"@id\":\"https:\\\/\\\/equusemporda.com\\\/en\\\/horse-riding-school\\\/#breadcrumb\",\"itemListElement\":[{\"@type\":\"ListItem\",\"position\":1,\"name\":\"Inici\",\"item\":\"https:\\\/\\\/equusemporda.com\\\/en\\\/equus-emporda\\\/\"},{\"@type\":\"ListItem\",\"position\":2,\"name\":\"School\"}]},{\"@type\":\"WebSite\",\"@id\":\"https:\\\/\\\/equusemporda.com\\\/en\\\/#website\",\"url\":\"https:\\\/\\\/equusemporda.com\\\/en\\\/\",\"name\":\"Equus Empord\u00e0\",\"description\":\"Escola amb una d\u00e8cada d&#039;experi\u00e8ncia al m\u00f3n dels cavalls i especialitzada en l&#039;ensenyament.\",\"publisher\":{\"@id\":\"https:\\\/\\\/equusemporda.com\\\/en\\\/#organization\"},\"potentialAction\":[{\"@type\":\"SearchAction\",\"target\":{\"@type\":\"EntryPoint\",\"urlTemplate\":\"https:\\\/\\\/equusemporda.com\\\/en\\\/?s={search_term_string}\"},\"query-input\":{\"@type\":\"PropertyValueSpecification\",\"valueRequired\":true,\"valueName\":\"search_term_string\"}}],\"inLanguage\":\"en-US\"},{\"@type\":\"Organization\",\"@id\":\"https:\\\/\\\/equusemporda.com\\\/en\\\/#organization\",\"name\":\"Equus Empord\u00e0\",\"url\":\"https:\\\/\\\/equusemporda.com\\\/en\\\/\",\"logo\":{\"@type\":\"ImageObject\",\"inLanguage\":\"en-US\",\"@id\":\"https:\\\/\\\/equusemporda.com\\\/en\\\/#\\\/schema\\\/logo\\\/image\\\/\",\"url\":\"https:\\\/\\\/equusemporda.com\\\/wp-content\\\/uploads\\\/2025\\\/02\\\/equus-emporda-logotip.webp\",\"contentUrl\":\"https:\\\/\\\/equusemporda.com\\\/wp-content\\\/uploads\\\/2025\\\/02\\\/equus-emporda-logotip.webp\",\"width\":1072,\"height\":155,\"caption\":\"Equus Empord\u00e0\"},\"image\":{\"@id\":\"https:\\\/\\\/equusemporda.com\\\/en\\\/#\\\/schema\\\/logo\\\/image\\\/\"},\"sameAs\":[\"https:\\\/\\\/www.instagram.com\\\/equus_emporda\\\/\",\"https:\\\/\\\/www.youtube.com\\\/channel\\\/UC9CGmx139G2i4xtQwUViKuA\"]}]}<\/script>\n<!-- \/ Yoast SEO plugin. -->","yoast_head_json":{"title":"School - Equus Empord\u00e0","description":"Equus Empord\u00e0 riding school: training for all ages and levels. Learn and enjoy horse riding in a unique environment.","robots":{"index":"index","follow":"follow","max-snippet":"max-snippet:-1","max-image-preview":"max-image-preview:large","max-video-preview":"max-video-preview:-1"},"canonical":"https:\/\/equusemporda.com\/en\/horse-riding-school\/","og_locale":"en_US","og_type":"article","og_title":"School - Equus Empord\u00e0","og_description":"Equus Empord\u00e0 riding school: training for all ages and levels. Learn and enjoy horse riding in a unique environment.","og_url":"https:\/\/equusemporda.com\/en\/horse-riding-school\/","og_site_name":"Equus Empord\u00e0","article_publisher":"https:\/\/www.instagram.com\/equus_emporda\/","article_modified_time":"2025-02-27T11:55:43+00:00","og_image":[{"width":2000,"height":2046,"url":"https:\/\/equusemporda.com\/wp-content\/uploads\/2025\/02\/equus-emporda-escola.jpg","type":"image\/jpeg"}],"twitter_card":"summary_large_image","schema":{"@context":"https:\/\/schema.org","@graph":[{"@type":"WebPage","@id":"https:\/\/equusemporda.com\/en\/horse-riding-school\/","url":"https:\/\/equusemporda.com\/en\/horse-riding-school\/","name":"School - Equus Empord\u00e0","isPartOf":{"@id":"https:\/\/equusemporda.com\/en\/#website"},"primaryImageOfPage":{"@id":"https:\/\/equusemporda.com\/en\/horse-riding-school\/#primaryimage"},"image":{"@id":"https:\/\/equusemporda.com\/en\/horse-riding-school\/#primaryimage"},"thumbnailUrl":"https:\/\/equusemporda.com\/wp-content\/uploads\/2025\/02\/equus-emporda-escola.jpg","datePublished":"2025-02-19T07:22:12+00:00","dateModified":"2025-02-27T11:55:43+00:00","description":"Equus Empord\u00e0 riding school: training for all ages and levels. Learn and enjoy horse riding in a unique environment.","breadcrumb":{"@id":"https:\/\/equusemporda.com\/en\/horse-riding-school\/#breadcrumb"},"inLanguage":"en-US","potentialAction":[{"@type":"ReadAction","target":["https:\/\/equusemporda.com\/en\/horse-riding-school\/"]}]},{"@type":"ImageObject","inLanguage":"en-US","@id":"https:\/\/equusemporda.com\/en\/horse-riding-school\/#primaryimage","url":"https:\/\/equusemporda.com\/wp-content\/uploads\/2025\/02\/equus-emporda-escola.jpg","contentUrl":"https:\/\/equusemporda.com\/wp-content\/uploads\/2025\/02\/equus-emporda-escola.jpg","width":2000,"height":2046},{"@type":"BreadcrumbList","@id":"https:\/\/equusemporda.com\/en\/horse-riding-school\/#breadcrumb","itemListElement":[{"@type":"ListItem","position":1,"name":"Inici","item":"https:\/\/equusemporda.com\/en\/equus-emporda\/"},{"@type":"ListItem","position":2,"name":"School"}]},{"@type":"WebSite","@id":"https:\/\/equusemporda.com\/en\/#website","url":"https:\/\/equusemporda.com\/en\/","name":"Equus Empord\u00e0","description":"Escola amb una d\u00e8cada d&#039;experi\u00e8ncia al m\u00f3n dels cavalls i especialitzada en l&#039;ensenyament.","publisher":{"@id":"https:\/\/equusemporda.com\/en\/#organization"},"potentialAction":[{"@type":"SearchAction","target":{"@type":"EntryPoint","urlTemplate":"https:\/\/equusemporda.com\/en\/?s={search_term_string}"},"query-input":{"@type":"PropertyValueSpecification","valueRequired":true,"valueName":"search_term_string"}}],"inLanguage":"en-US"},{"@type":"Organization","@id":"https:\/\/equusemporda.com\/en\/#organization","name":"Equus Empord\u00e0","url":"https:\/\/equusemporda.com\/en\/","logo":{"@type":"ImageObject","inLanguage":"en-US","@id":"https:\/\/equusemporda.com\/en\/#\/schema\/logo\/image\/","url":"https:\/\/equusemporda.com\/wp-content\/uploads\/2025\/02\/equus-emporda-logotip.webp","contentUrl":"https:\/\/equusemporda.com\/wp-content\/uploads\/2025\/02\/equus-emporda-logotip.webp","width":1072,"height":155,"caption":"Equus Empord\u00e0"},"image":{"@id":"https:\/\/equusemporda.com\/en\/#\/schema\/logo\/image\/"},"sameAs":["https:\/\/www.instagram.com\/equus_emporda\/","https:\/\/www.youtube.com\/channel\/UC9CGmx139G2i4xtQwUViKuA"]}]}},"_links":{"self":[{"href":"https:\/\/equusemporda.com\/en\/wp-json\/wp\/v2\/pages\/609","targetHints":{"allow":["GET"]}}],"collection":[{"href":"https:\/\/equusemporda.com\/en\/wp-json\/wp\/v2\/pages"}],"about":[{"href":"https:\/\/equusemporda.com\/en\/wp-json\/wp\/v2\/types\/page"}],"author":[{"embeddable":true,"href":"https:\/\/equusemporda.com\/en\/wp-json\/wp\/v2\/users\/1"}],"replies":[{"embeddable":true,"href":"https:\/\/equusemporda.com\/en\/wp-json\/wp\/v2\/comments?post=609"}],"version-history":[{"count":1,"href":"https:\/\/equusemporda.com\/en\/wp-json\/wp\/v2\/pages\/609\/revisions"}],"predecessor-version":[{"id":832,"href":"https:\/\/equusemporda.com\/en\/wp-json\/wp\/v2\/pages\/609\/revisions\/832"}],"wp:featuredmedia":[{"embeddable":true,"href":"https:\/\/equusemporda.com\/en\/wp-json\/wp\/v2\/media\/648"}],"wp:attachment":[{"href":"https:\/\/equusemporda.com\/en\/wp-json\/wp\/v2\/media?parent=609"}],"curies":[{"name":"wp","href":"https:\/\/api.w.org\/{rel}","templated":true}]}}